{"id":311,"date":"2020-12-04T19:25:58","date_gmt":"2020-12-04T16:25:58","guid":{"rendered":"https:\/\/demo.kanthemes.com.tr\/kanews\/?post_type=product&amp;p=311"},"modified":"2020-12-04T19:25:58","modified_gmt":"2020-12-04T16:25:58","slug":"standart","status":"publish","type":"product","link":"https:\/\/10nokta.com\/index.php\/urun\/standart\/","title":{"rendered":"Standart"},"content":{"rendered":"<ul>\n<li>\u00dccretli i\u00e7eriklere eri\u015febilir<\/li>\n<li>Reklams\u0131z deneyim<\/li>\n<li>Sa\u011f t\u0131k yasa\u011f\u0131n\u0131 kald\u0131r\u0131r<\/li>\n<li>G\u00f6r\u00fcn\u00fcr r\u00fctbeye sahip olur<\/li>\n<\/ul>\n<\/p>","protected":false},"excerpt":{"rendered":"<p>\u00dccretli i\u00e7eriklere eri\u015febilir Reklams\u0131z deneyim Sa\u011f t\u0131k yasa\u011f\u0131n\u0131 kald\u0131r\u0131r G\u00f6r\u00fcn\u00fcr r\u00fctbeye sahip olur<\/p>\n","protected":false},"featured_media":0,"comment_status":"open","ping_status":"closed","template":"","meta":{"_monsterinsights_skip_tracking":false,"_monsterinsights_sitenote_active":false,"_monsterinsights_sitenote_note":"","_monsterinsights_sitenote_category":0},"product_brand":[],"product_cat":[15],"product_tag":[],"class_list":{"0":"post-311","1":"product","2":"type-product","3":"status-publish","5":"product_cat-genel","7":"first","8":"instock","9":"shipping-taxable","10":"purchasable","11":"product-type-simple"},"_links":{"self":[{"href":"https:\/\/10nokta.com\/index.php\/wp-json\/wp\/v2\/product\/311","targetHints":{"allow":["GET"]}}],"collection":[{"href":"https:\/\/10nokta.com\/index.php\/wp-json\/wp\/v2\/product"}],"about":[{"href":"https:\/\/10nokta.com\/index.php\/wp-json\/wp\/v2\/types\/product"}],"replies":[{"embeddable":true,"href":"https:\/\/10nokta.com\/index.php\/wp-json\/wp\/v2\/comments?post=311"}],"wp:attachment":[{"href":"https:\/\/10nokta.com\/index.php\/wp-json\/wp\/v2\/media?parent=311"}],"wp:term":[{"taxonomy":"product_brand","embeddable":true,"href":"https:\/\/10nokta.com\/index.php\/wp-json\/wp\/v2\/product_brand?post=311"},{"taxonomy":"product_cat","embeddable":true,"href":"https:\/\/10nokta.com\/index.php\/wp-json\/wp\/v2\/product_cat?post=311"},{"taxonomy":"product_tag","embeddable":true,"href":"https:\/\/10nokta.com\/index.php\/wp-json\/wp\/v2\/product_tag?post=311"}],"curies":[{"name":"wp","href":"https:\/\/api.w.org\/{rel}","templated":true}]}}